{"id":186,"date":"2019-06-23T22:24:21","date_gmt":"2019-06-23T20:24:21","guid":{"rendered":"http:\/\/wmw.pl\/strona-glowna\/"},"modified":"2019-09-15T14:16:01","modified_gmt":"2019-09-15T12:16:01","slug":"home","status":"publish","type":"page","link":"https:\/\/wmw.pl\/en\/","title":{"rendered":"Home"},"content":{"rendered":"\n\t\n\t\t\t\t<img loading=\"lazy\" decoding=\"async\" src=\"http:\/\/wmw.pl\/wp-content\/uploads\/2019\/09\/wmw-tbi-vc-1270-hh-new-line.jpg\" alt=\"wmw-tbi-vc-1270-hh-new-line\" itemprop=\"image\" height=\"590\" width=\"800\" title=\"wmw-tbi-vc-1270-hh-new-line\" onerror=\"this.style.display='none'\"  \/>\n<h2>\n\t\tNarz\u0119dziownia &#8211; obr\u00f3bka metalu\n\t<\/h2>\n\t<p>Narz\u0119dziownia WMW specjalizuje si\u0119 w wykonywaniu wykrojnik\u00f3w, t\u0142ocznik\u00f3w, form, obr\u00f3bce elektroerozyjnej, obr\u00f3bce skrawaniem oraz w kooperacjach na prasach mimo\u015brodowych. Jeste\u015bmy bardzo szybko rozwijaj\u0105c\u0105 si\u0119 firm\u0105, otwart\u0105 na nowe technologie.<\/p>\n<p>Przyj\u0119t\u0105 przez nas misj\u0105 jest satysfakcja Klient\u00f3w.<\/p>\n<p>Nasze wyroby odznaczaj\u0105 si\u0119 bardzo wysok\u0105 jako\u015bci\u0105 przy konkurencyjnej cenie. Takie dzia\u0142ania pozwalaj\u0105 nam ci\u0105gle poszerza\u0107 grono sta\u0142ych kontrahent\u00f3w.<\/p>\n<p>Zapraszamy do wsp\u00f3\u0142pracy.<\/p>\n<h2>\n\t\tNowoczesny park maszynowy\n\t<\/h2>\n\t<p>Dysponujemy najnowszymi technologiami bran\u017cowymi, dostarczonymi przez lider\u00f3w.<\/p>\n<p>Wsp\u00f3\u0142pracuj\u0105c bezpo\u015brednio z dostawcami maszyn z Niemiec, Francji i Szwajcarii stale podnosimy swoj\u0105 wiedz\u0119, do\u015bwiadczenie i kompetencje.<\/p>\n\t\t\t<a href=\"\/kontakt\" target=\"_self\" role=\"button\" rel=\"noopener noreferrer\">\n\t\t\t\t\t\tNawi\u0105\u017c wsp\u00f3\u0142prac\u0119!\n\t\t\t\t\t<\/a>\n\t\t\t\t<img loading=\"lazy\" decoding=\"async\" src=\"http:\/\/wmw.pl\/wp-content\/uploads\/2019\/09\/wmw-CUT-E-600.jpg\" alt=\"wmw-CUT-E-600\" itemprop=\"image\" height=\"600\" width=\"638\" title=\"wmw-CUT-E-600\" onerror=\"this.style.display='none'\"  \/>\n<h2>\n\t\tOferta WMW Narz\u0119dziownia\n\t<\/h2>\n\t\t\t\t<a href=\"\/oferta\/\" target=\"_self\" itemprop=\"url\" rel=\"noopener noreferrer\">\n\t\t\t\t<img loading=\"lazy\" decoding=\"async\" src=\"http:\/\/wmw.pl\/wp-content\/uploads\/2019\/08\/matryca-wmw-narzedziownia.png\" alt=\"Matryca od WMW Narz\u0119dziownia\" itemprop=\"image\" height=\"128\" width=\"128\" title=\"Matryca od WMW Narz\u0119dziownia\" onerror=\"this.style.display='none'\"  \/>\n\t\t\t\t<\/a>\n<h3><a href=\"\/oferta\/\" target=\"_self\" rel=\"noopener noreferrer\">Narz\u0119dziownia<\/a><\/h3>\t\t\n\t\t\t<p>Projektujemy i wytwarzamy detale o najwy\u017cszych wymaganiach jako\u015bciowych i skomplikowanej budowie, wykrojniki post\u0119powe, t\u0142oczniki, urz\u0105dzenia kr\u0119puj\u0105ce, formy, linie produkcyjne oraz proste narz\u0119dzia wg. potrzeb klienta.<\/p>\n\t\t\t<a href=\"\/oferta\/\" target=\"_self\" role=\"button\" rel=\"noopener noreferrer\">\n\t\t\t\t\t\t\tWi\u0119cej informacji&#8230;\n\t\t\t<\/a>\n\t\t\t\t<a href=\"\/oferta\/\" target=\"_self\" itemprop=\"url\" rel=\"noopener noreferrer\">\n\t\t\t\t<img loading=\"lazy\" decoding=\"async\" src=\"http:\/\/wmw.pl\/wp-content\/uploads\/2019\/08\/biuro-projektowe-wmw-narzedziownia.png\" alt=\"Biuro projektowe w WMW Narz\u0119dziownia\" itemprop=\"image\" height=\"128\" width=\"128\" title=\"Biuro projektowe w WMW Narz\u0119dziownia\" onerror=\"this.style.display='none'\"  \/>\n\t\t\t\t<\/a>\n<h3><a href=\"\/oferta\/\" target=\"_self\" rel=\"noopener noreferrer\">Biuro projektowe<\/a><\/h3>\t\t\n\t\t\t<p>Projekty wykonujemy na podstawie dokumentacji opracowanej wed\u0142ug najnowszych rozwi\u0105za\u0144 CAD\/CAM. Takich jak MASTERCAM 2019, SOLIDWORKS 2019, PEPS 2019, MEGACAD. Posiadamy wiele lat do\u015bwiadczenia w projektowaniu wykrojnik\u00f3w.<\/p>\n\t\t\t<a href=\"\/oferta\/\" target=\"_self\" role=\"button\" rel=\"noopener noreferrer\">\n\t\t\t\t\t\t\tWi\u0119cej informacji&#8230;\n\t\t\t<\/a>\n\t\t\t\t<a href=\"\/oferta\/\" target=\"_self\" itemprop=\"url\" rel=\"noopener noreferrer\">\n\t\t\t\t<img loading=\"lazy\" decoding=\"async\" src=\"http:\/\/wmw.pl\/wp-content\/uploads\/2019\/09\/obrobka-skrawaniem-wmw-narzedziownia.png\" alt=\"obrobka-skrawaniem-wmw-narzedziownia\" itemprop=\"image\" height=\"128\" width=\"128\" title=\"obrobka-skrawaniem-wmw-narzedziownia\" onerror=\"this.style.display='none'\"  \/>\n\t\t\t\t<\/a>\n<h3><a href=\"\/oferta\/\" target=\"_self\" rel=\"noopener noreferrer\">Obr\u00f3bka skrawaniam<\/a><\/h3>\t\t\n\t\t\t<p>Wykonujemy wszelkiego rodzaju prace z zakresu obr\u00f3bki mechanicznej. Skomplikowane elementy wytwarzamy przy pomocy urz\u0105dze\u0144 sterowanych numerycznie (CNC). Nasz park maszynowy pozwala tworzy\u0107 ca\u0142e zespo\u0142y mechaniczne maszyn i urz\u0105dze\u0144. Nasi wykwalifikowani pracownicy gwarantuj\u0105 wykonanie us\u0142ug na wysokim poziomie.<\/p>\n\t\t\t<a href=\"\/oferta\/\" target=\"_self\" role=\"button\" rel=\"noopener noreferrer\">\n\t\t\t\t\t\t\tWi\u0119cej informacji&#8230;\n\t\t\t<\/a>\n\t\t\t\t<a href=\"\/oferta\/\" target=\"_self\" itemprop=\"url\" rel=\"noopener noreferrer\">\n\t\t\t\t<img loading=\"lazy\" decoding=\"async\" src=\"http:\/\/wmw.pl\/wp-content\/uploads\/2019\/08\/kooperacja-wmw-narzedziownia.png\" alt=\"Kooperacje z WMW Narz\u0119dziownia\" itemprop=\"image\" height=\"128\" width=\"128\" title=\"Kooperacje z WMW Narz\u0119dziownia\" onerror=\"this.style.display='none'\"  \/>\n\t\t\t\t<\/a>\n<h3><a href=\"\/oferta\/\" target=\"_self\" rel=\"noopener noreferrer\">Kooperacje<\/a><\/h3>\t\t\n\t\t\t<p>Poprzez posiadane przez nas rozleg\u0142e zaplecze techniczne jeste\u015bmy w stanie przeprowadzi\u0107 ca\u0142y proces budowy, od fazy projektowej po wykonanie produktu oraz magazynowanie pod \u201enaszym dachem\u201d. Zapewnia to kontrol\u0119 i poufno\u015b\u0107 prac nad powierzonymi projektami, oraz zdecydowanie skraca czas realizacji zlecenia.<\/p>\n\t\t\t<a href=\"\/oferta\/\" target=\"_self\" role=\"button\" rel=\"noopener noreferrer\">\n\t\t\t\t\t\t\tWi\u0119cej informacji&#8230;\n\t\t\t<\/a>\n\t\t\t\t<a href=\"\/oferta\/\" target=\"_self\" itemprop=\"url\" rel=\"noopener noreferrer\">\n\t\t\t\t<img loading=\"lazy\" decoding=\"async\" src=\"http:\/\/wmw.pl\/wp-content\/uploads\/2019\/08\/ciecie-drutem-wmw-narzedziownia.png\" alt=\"ciecie-drutem-wmw-narzedziownia\" itemprop=\"image\" height=\"128\" width=\"128\" title=\"ciecie-drutem-wmw-narzedziownia\" onerror=\"this.style.display='none'\"  \/>\n\t\t\t\t<\/a>\n<h3><a href=\"\/oferta\/\" target=\"_self\" rel=\"noopener noreferrer\">Ci\u0119cie drutem<\/a><\/h3>\t\t\n\t\t\t<p>Elektrodr\u0105\u017cenie drutem stosowane jest dla materia\u0142\u00f3w charakteryzuj\u0105cych si\u0119 wysok\u0105 twardo\u015bci\u0105 (stale hartowane, w\u0119gliki spiekane). Metoda ta umo\u017cliwia r\u00f3wnocze\u015bnie uzyskanie wysokiej precyzji wykonania oraz du\u017cej g\u0142adko\u015b\u0107 powierzchni, nawet przy bardzo skomplikowanych kszta\u0142tach. Elektrodr\u0105\u017cenie drutowe ci\u0119cie drutem to wysoko precyzyjne wycinanie metod\u0105 elektroiskrow\u0105 detali o zaprogramowanych kszta\u0142tach przy pomocy cienkiego drutu o grubo\u015bci od 0,1mm do 0,3mm. Metoda ta wykorzystywana jest g\u0142\u00f3wnie do wykonywania wykrojnik\u00f3w, element\u00f3w form, narz\u0119dzi skrawaj\u0105cych. Numerycznie sterowana elektrodr\u0105\u017carka drutowa wycina detale ze znakomit\u0105 dok\u0142adno\u015bci\u0105, jako\u015bci\u0105 powierzchni oraz wydajno\u015bci\u0105<\/p>\n\t\t\t<a href=\"\/oferta\/\" target=\"_self\" role=\"button\" rel=\"noopener noreferrer\">\n\t\t\t\t\t\t\tWi\u0119cej informacji&#8230;\n\t\t\t<\/a>\n\t\t\t\t<a href=\"\/oferta\/\" target=\"_self\" itemprop=\"url\" rel=\"noopener noreferrer\">\n\t\t\t\t<img loading=\"lazy\" decoding=\"async\" src=\"http:\/\/wmw.pl\/wp-content\/uploads\/2019\/08\/tloczenie-prasa-wmw-narzedziownia.png\" alt=\"T\u0142oczenie na prasach mimo\u015brodowych w WMW Narz\u0119dziownia\" itemprop=\"image\" height=\"128\" width=\"128\" title=\"T\u0142oczenie na prasach mimo\u015brodowych w WMW Narz\u0119dziownia\" onerror=\"this.style.display='none'\"  \/>\n\t\t\t\t<\/a>\n<h3><a href=\"\/oferta\/\" target=\"_self\" rel=\"noopener noreferrer\">T\u0142oczenie na prasach mimo\u015brodowych<\/a><\/h3>\t\t\n\t\t\t<p>Oferujemy pa\u0144stwu \u015brednioseryjnejn\u0105 oraz wielkoseryjn\u0105 produkcji\u0119 element\u00f3w wykrawanych, gi\u0119tych oraz t\u0142oczonych na prasach mimo\u015brodowych wyposa\u017conych w urz\u0105dzenia podaj\u0105ce oraz pro\u015bciarki. Dzi\u0119ki ci\u0105g\u0142ym inwestycj\u0105 oraz udoskonalaniu pras pod wzgl\u0119dem technologii oraz bezpiecze\u0144stwa uzyskali\u015bmy wysoki poziom jako\u015bci naszych wyrob\u00f3w. Dodatkowo dzi\u0119ki do\u015bwiadczonej i wykwalifikowanej kadrze jeste\u015bmy w stanie sprosta\u0107 wi\u0119kszo\u015bci zagadnie\u0144 z obszaru obr\u00f3bki plastycznej na zimno. Posiadamy ponad 20 letnie do\u015bwiadczenie w t\u0142ocznictwie oraz ponad 1000 aktywnych sta\u0142ych zlece\u0144.<\/p>\n\t\t\t<a href=\"\/oferta\/\" target=\"_self\" role=\"button\" rel=\"noopener noreferrer\">\n\t\t\t\t\t\t\tWi\u0119cej informacji&#8230;\n\t\t\t<\/a>\n<h2>\n\t\tWMW Narz\u0119dziownia w liczbach\n\t<\/h2>\n\t\t<!-- Comment to fix spacing issue\n\t-->\n\t\tposiadamy\t\t\t\t\n\t\t<h2>0<\/h2>lat do\u015bwiadczenia bran\u017cowego\n\t<!-- Comment to fix spacing issue\n\t-->\t\n\t\t<!-- Comment to fix spacing issue\n\t-->\n\t\tobs\u0142u\u017cyli\u015bmy ponad\t\t\t\t\n\t\t<h2>0<\/h2>zadowolonych klient\u00f3w\n\t<!-- Comment to fix spacing issue\n\t-->\t\n\t\t<!-- Comment to fix spacing issue\n\t-->\n\t\tzrealizowali\u015bmy ponad\t\t\t\t\n\t\t<h2>0<\/h2>projekt\u00f3w\n\t<!-- Comment to fix spacing issue\n\t-->\t\n","protected":false},"excerpt":{"rendered":"<p>Narz\u0119dziownia &#8211; obr\u00f3bka metalu Narz\u0119dziownia WMW specjalizuje si\u0119 w wykonywaniu wykrojnik\u00f3w, t\u0142ocznik\u00f3w, form, obr\u00f3bce elektroerozyjnej, obr\u00f3bce skrawaniem oraz w kooperacjach na prasach mimo\u015brodowych. Jeste\u015bmy bardzo szybko rozwijaj\u0105c\u0105 si\u0119 firm\u0105, otwart\u0105 na nowe technologie. Przyj\u0119t\u0105 przez nas misj\u0105 jest satysfakcja Klient\u00f3w. Nasze wyroby odznaczaj\u0105 si\u0119 bardzo wysok\u0105 jako\u015bci\u0105 przy konkurencyjnej cenie. Takie dzia\u0142ania pozwalaj\u0105 nam ci\u0105gle&hellip;<\/p>\n","protected":false},"author":1,"featured_media":0,"parent":0,"menu_order":0,"comment_status":"closed","ping_status":"closed","template":"","meta":{"footnotes":""},"class_list":["post-186","page","type-page","status-publish","hentry"],"yoast_head":"<!-- This site is optimized with the Yoast SEO plugin v25.2 - https:\/\/yoast.com\/wordpress\/plugins\/seo\/ -->\n<title>Home - WMW<\/title>\n<meta name=\"robots\" content=\"index, follow, max-snippet:-1, max-image-preview:large, max-video-preview:-1\" \/>\n<link rel=\"canonical\" href=\"https:\/\/wmw.pl\/en\/\" \/>\n<meta property=\"og:locale\" content=\"en_US\" \/>\n<meta property=\"og:type\" content=\"article\" \/>\n<meta property=\"og:title\" content=\"Home - WMW\" \/>\n<meta property=\"og:description\" content=\"Narz\u0119dziownia &#8211; obr\u00f3bka metalu Narz\u0119dziownia WMW specjalizuje si\u0119 w wykonywaniu wykrojnik\u00f3w, t\u0142ocznik\u00f3w, form, obr\u00f3bce elektroerozyjnej, obr\u00f3bce skrawaniem oraz w kooperacjach na prasach mimo\u015brodowych. Jeste\u015bmy bardzo szybko rozwijaj\u0105c\u0105 si\u0119 firm\u0105, otwart\u0105 na nowe technologie. Przyj\u0119t\u0105 przez nas misj\u0105 jest satysfakcja Klient\u00f3w. Nasze wyroby odznaczaj\u0105 si\u0119 bardzo wysok\u0105 jako\u015bci\u0105 przy konkurencyjnej cenie. Takie dzia\u0142ania pozwalaj\u0105 nam ci\u0105gle&hellip;\" \/>\n<meta property=\"og:url\" content=\"https:\/\/wmw.pl\/en\/\" \/>\n<meta property=\"og:site_name\" content=\"WMW\" \/>\n<meta property=\"article:modified_time\" content=\"2019-09-15T12:16:01+00:00\" \/>\n<meta property=\"og:image\" content=\"http:\/\/wmw.pl\/wp-content\/uploads\/2019\/09\/wmw-tbi-vc-1270-hh-new-line.jpg\" \/>\n<meta name=\"twitter:card\" content=\"summary_large_image\" \/>\n<meta name=\"twitter:label1\" content=\"Est. reading time\" \/>\n\t<meta name=\"twitter:data1\" content=\"3 minutes\" \/>\n<script type=\"application\/ld+json\" class=\"yoast-schema-graph\">{\"@context\":\"https:\/\/schema.org\",\"@graph\":[{\"@type\":\"WebPage\",\"@id\":\"https:\/\/wmw.pl\/en\/\",\"url\":\"https:\/\/wmw.pl\/en\/\",\"name\":\"Home - WMW\",\"isPartOf\":{\"@id\":\"https:\/\/wmw.pl\/#website\"},\"primaryImageOfPage\":{\"@id\":\"https:\/\/wmw.pl\/en\/#primaryimage\"},\"image\":{\"@id\":\"https:\/\/wmw.pl\/en\/#primaryimage\"},\"thumbnailUrl\":\"http:\/\/wmw.pl\/wp-content\/uploads\/2019\/09\/wmw-tbi-vc-1270-hh-new-line.jpg\",\"datePublished\":\"2019-06-23T20:24:21+00:00\",\"dateModified\":\"2019-09-15T12:16:01+00:00\",\"breadcrumb\":{\"@id\":\"https:\/\/wmw.pl\/en\/#breadcrumb\"},\"inLanguage\":\"en-US\",\"potentialAction\":[{\"@type\":\"ReadAction\",\"target\":[\"https:\/\/wmw.pl\/en\/\"]}]},{\"@type\":\"ImageObject\",\"inLanguage\":\"en-US\",\"@id\":\"https:\/\/wmw.pl\/en\/#primaryimage\",\"url\":\"http:\/\/wmw.pl\/wp-content\/uploads\/2019\/09\/wmw-tbi-vc-1270-hh-new-line.jpg\",\"contentUrl\":\"http:\/\/wmw.pl\/wp-content\/uploads\/2019\/09\/wmw-tbi-vc-1270-hh-new-line.jpg\"},{\"@type\":\"BreadcrumbList\",\"@id\":\"https:\/\/wmw.pl\/en\/#breadcrumb\",\"itemListElement\":[{\"@type\":\"ListItem\",\"position\":1,\"name\":\"Strona g\u0142\u00f3wna\",\"item\":\"https:\/\/wmw.pl\/en\/\"},{\"@type\":\"ListItem\",\"position\":2,\"name\":\"Home\"}]},{\"@type\":\"WebSite\",\"@id\":\"https:\/\/wmw.pl\/#website\",\"url\":\"https:\/\/wmw.pl\/\",\"name\":\"WMW\",\"description\":\"Narz\u0119dzia i artyku\u0142y metalowe\",\"publisher\":{\"@id\":\"https:\/\/wmw.pl\/#organization\"},\"potentialAction\":[{\"@type\":\"SearchAction\",\"target\":{\"@type\":\"EntryPoint\",\"urlTemplate\":\"https:\/\/wmw.pl\/?s={search_term_string}\"},\"query-input\":{\"@type\":\"PropertyValueSpecification\",\"valueRequired\":true,\"valueName\":\"search_term_string\"}}],\"inLanguage\":\"en-US\"},{\"@type\":\"Organization\",\"@id\":\"https:\/\/wmw.pl\/#organization\",\"name\":\"WMW\",\"url\":\"https:\/\/wmw.pl\/\",\"logo\":{\"@type\":\"ImageObject\",\"inLanguage\":\"en-US\",\"@id\":\"https:\/\/wmw.pl\/#\/schema\/logo\/image\/\",\"url\":\"https:\/\/wmw.pl\/wp-content\/uploads\/2019\/06\/slider-2-cnc.jpg\",\"contentUrl\":\"https:\/\/wmw.pl\/wp-content\/uploads\/2019\/06\/slider-2-cnc.jpg\",\"width\":1920,\"height\":1296,\"caption\":\"WMW\"},\"image\":{\"@id\":\"https:\/\/wmw.pl\/#\/schema\/logo\/image\/\"}}]}<\/script>\n<!-- \/ Yoast SEO plugin. -->","yoast_head_json":{"title":"Home - WMW","robots":{"index":"index","follow":"follow","max-snippet":"max-snippet:-1","max-image-preview":"max-image-preview:large","max-video-preview":"max-video-preview:-1"},"canonical":"https:\/\/wmw.pl\/en\/","og_locale":"en_US","og_type":"article","og_title":"Home - WMW","og_description":"Narz\u0119dziownia &#8211; obr\u00f3bka metalu Narz\u0119dziownia WMW specjalizuje si\u0119 w wykonywaniu wykrojnik\u00f3w, t\u0142ocznik\u00f3w, form, obr\u00f3bce elektroerozyjnej, obr\u00f3bce skrawaniem oraz w kooperacjach na prasach mimo\u015brodowych. Jeste\u015bmy bardzo szybko rozwijaj\u0105c\u0105 si\u0119 firm\u0105, otwart\u0105 na nowe technologie. Przyj\u0119t\u0105 przez nas misj\u0105 jest satysfakcja Klient\u00f3w. Nasze wyroby odznaczaj\u0105 si\u0119 bardzo wysok\u0105 jako\u015bci\u0105 przy konkurencyjnej cenie. Takie dzia\u0142ania pozwalaj\u0105 nam ci\u0105gle&hellip;","og_url":"https:\/\/wmw.pl\/en\/","og_site_name":"WMW","article_modified_time":"2019-09-15T12:16:01+00:00","og_image":[{"url":"http:\/\/wmw.pl\/wp-content\/uploads\/2019\/09\/wmw-tbi-vc-1270-hh-new-line.jpg","type":"","width":"","height":""}],"twitter_card":"summary_large_image","twitter_misc":{"Est. reading time":"3 minutes"},"schema":{"@context":"https:\/\/schema.org","@graph":[{"@type":"WebPage","@id":"https:\/\/wmw.pl\/en\/","url":"https:\/\/wmw.pl\/en\/","name":"Home - WMW","isPartOf":{"@id":"https:\/\/wmw.pl\/#website"},"primaryImageOfPage":{"@id":"https:\/\/wmw.pl\/en\/#primaryimage"},"image":{"@id":"https:\/\/wmw.pl\/en\/#primaryimage"},"thumbnailUrl":"http:\/\/wmw.pl\/wp-content\/uploads\/2019\/09\/wmw-tbi-vc-1270-hh-new-line.jpg","datePublished":"2019-06-23T20:24:21+00:00","dateModified":"2019-09-15T12:16:01+00:00","breadcrumb":{"@id":"https:\/\/wmw.pl\/en\/#breadcrumb"},"inLanguage":"en-US","potentialAction":[{"@type":"ReadAction","target":["https:\/\/wmw.pl\/en\/"]}]},{"@type":"ImageObject","inLanguage":"en-US","@id":"https:\/\/wmw.pl\/en\/#primaryimage","url":"http:\/\/wmw.pl\/wp-content\/uploads\/2019\/09\/wmw-tbi-vc-1270-hh-new-line.jpg","contentUrl":"http:\/\/wmw.pl\/wp-content\/uploads\/2019\/09\/wmw-tbi-vc-1270-hh-new-line.jpg"},{"@type":"BreadcrumbList","@id":"https:\/\/wmw.pl\/en\/#breadcrumb","itemListElement":[{"@type":"ListItem","position":1,"name":"Strona g\u0142\u00f3wna","item":"https:\/\/wmw.pl\/en\/"},{"@type":"ListItem","position":2,"name":"Home"}]},{"@type":"WebSite","@id":"https:\/\/wmw.pl\/#website","url":"https:\/\/wmw.pl\/","name":"WMW","description":"Narz\u0119dzia i artyku\u0142y metalowe","publisher":{"@id":"https:\/\/wmw.pl\/#organization"},"potentialAction":[{"@type":"SearchAction","target":{"@type":"EntryPoint","urlTemplate":"https:\/\/wmw.pl\/?s={search_term_string}"},"query-input":{"@type":"PropertyValueSpecification","valueRequired":true,"valueName":"search_term_string"}}],"inLanguage":"en-US"},{"@type":"Organization","@id":"https:\/\/wmw.pl\/#organization","name":"WMW","url":"https:\/\/wmw.pl\/","logo":{"@type":"ImageObject","inLanguage":"en-US","@id":"https:\/\/wmw.pl\/#\/schema\/logo\/image\/","url":"https:\/\/wmw.pl\/wp-content\/uploads\/2019\/06\/slider-2-cnc.jpg","contentUrl":"https:\/\/wmw.pl\/wp-content\/uploads\/2019\/06\/slider-2-cnc.jpg","width":1920,"height":1296,"caption":"WMW"},"image":{"@id":"https:\/\/wmw.pl\/#\/schema\/logo\/image\/"}}]}},"_links":{"self":[{"href":"https:\/\/wmw.pl\/en\/wp-json\/wp\/v2\/pages\/186","targetHints":{"allow":["GET"]}}],"collection":[{"href":"https:\/\/wmw.pl\/en\/wp-json\/wp\/v2\/pages"}],"about":[{"href":"https:\/\/wmw.pl\/en\/wp-json\/wp\/v2\/types\/page"}],"author":[{"embeddable":true,"href":"https:\/\/wmw.pl\/en\/wp-json\/wp\/v2\/users\/1"}],"replies":[{"embeddable":true,"href":"https:\/\/wmw.pl\/en\/wp-json\/wp\/v2\/comments?post=186"}],"version-history":[{"count":4,"href":"https:\/\/wmw.pl\/en\/wp-json\/wp\/v2\/pages\/186\/revisions"}],"predecessor-version":[{"id":246,"href":"https:\/\/wmw.pl\/en\/wp-json\/wp\/v2\/pages\/186\/revisions\/246"}],"wp:attachment":[{"href":"https:\/\/wmw.pl\/en\/wp-json\/wp\/v2\/media?parent=186"}],"curies":[{"name":"wp","href":"https:\/\/api.w.org\/{rel}","templated":true}]}}